{"id":20,"date":"2023-07-28T12:17:29","date_gmt":"2023-07-28T10:17:29","guid":{"rendered":"https:\/\/lesombrettes.com\/?page_id=20"},"modified":"2023-08-10T12:54:49","modified_gmt":"2023-08-10T10:54:49","slug":"acces","status":"publish","type":"page","link":"https:\/\/lesombrettes.com\/index.php\/acces\/","title":{"rendered":"ACC\u00c8S"},"content":{"rendered":"\n<p><strong>En voiture, \u00e0 partir de Brian\u00e7on ou de Gap R.N&nbsp;94 direction Guillestre .&nbsp;Apr\u00e8s Guillestre, \u00e0 la Maison du Roy prendre la d\u00e9partementale 60 \u00e0 droite direction Ceillac. \u00ab\u00a0Ceillac commence o\u00f9 la route s&rsquo;arr\u00eate\u00a0\u00bb.<\/strong><\/p>\n\n\n\n<p><strong>* En train , gare S.N.C.F&nbsp;de Montdauphin-Guillestre (ligne directe Paris-Brian\u00e7on).&nbsp;Trains directs de nuit.&nbsp;Liaisons r\u00e9guli\u00e8res depuis Grenoble, Valence, Marseille<\/strong>.<\/p>\n\n\n\n<div style=\"height:18px\" aria-hidden=\"true\" class=\"wp-block-spacer\"><\/div>\n\n\n\n<p>&nbsp;<strong>Des navettes sont assur\u00e9es entre la gare de Montdauphin -Guillestre et Ceillac.<\/strong><\/p>\n\n\n\n<p><strong>Correspondances \u00e0 l&rsquo;arriv\u00e9e de certains trains.<\/strong><\/p>\n\n\n\n<p><strong>Renseignez -vous aupr\u00e8s du transporteur Laurent FAVIER au 04.92.45.07.71 ou directement aupr\u00e8s de : <a href=\"https:\/\/zou.maregionsud.fr\/\">https:\/\/zou.maregionsud.fr\/<\/a> .<\/strong><\/p>\n\n\n\n<div style=\"height:26px\" aria-hidden=\"true\" class=\"wp-block-spacer\"><\/div>\n\n\n\n<blockquote class=\"wp-block-quote is-layout-flow wp-block-quote-is-layout-flow\">\n<p><strong>Renseignements \u00e9tat des routes <\/strong><strong>:<\/strong><\/p>\n\n\n\n<p><strong>R\u00e9pondeur Col du Lautaret&#8230;&#8230;&#8230;&#8230;&#8230;&#8230;&#8230;&#8230;&#8230;&#8230;&#8230;&#8230;.. 04.92.24.44.44<\/strong><\/p>\n\n\n\n<p><strong>R\u00e9pondeur Col du Montgen\u00e8vre&#8230;&#8230;&#8230;&#8230;&#8230;&#8230;&#8230;&#8230;&#8230;&#8230;.04.92.24.44.44<\/strong><\/p>\n\n\n\n<p><strong>Centre r\u00e9gional informations routi\u00e8res Marseille&#8230; 04.91.78.78.78<\/strong><\/p>\n\n\n\n<p><strong>Centre r\u00e9gional informations routi\u00e8res Lyon&#8230;&#8230;&#8230;. 04.72.81.57.33<\/strong><\/p>\n<\/blockquote>\n\n\n\n<div style=\"height:19px\" aria-hidden=\"true\" class=\"wp-block-spacer\"><\/div>\n\n\n\n<h5 class=\"wp-block-heading\">PLAN DU VILLAGE<\/h5>\n\n\n\n<figure class=\"wp-block-image size-large\"><a href=\"https:\/\/lesombrettes.com\/wp-content\/uploads\/2023\/07\/ombrettes-plan-village.jpg\" target=\"_blank\" rel=\"noreferrer noopener\"><img loading=\"lazy\" decoding=\"async\" width=\"1024\" height=\"723\" src=\"https:\/\/lesombrettes.com\/wp-content\/uploads\/2023\/07\/ombrettes-plan-village-1024x723.jpg\" alt=\"\" class=\"wp-image-54\" srcset=\"https:\/\/lesombrettes.com\/wp-content\/uploads\/2023\/07\/ombrettes-plan-village-1024x723.jpg 1024w, https:\/\/lesombrettes.com\/wp-content\/uploads\/2023\/07\/ombrettes-plan-village-300x212.jpg 300w, https:\/\/lesombrettes.com\/wp-content\/uploads\/2023\/07\/ombrettes-plan-village-768x542.jpg 768w, https:\/\/lesombrettes.com\/wp-content\/uploads\/2023\/07\/ombrettes-plan-village-1536x1084.jpg 1536w, https:\/\/lesombrettes.com\/wp-content\/uploads\/2023\/07\/ombrettes-plan-village-2048x1445.jpg 2048w\" sizes=\"auto, (max-width: 1024px) 100vw, 1024px\" \/><\/a><figcaption class=\"wp-element-caption\">Un clic sur l&rsquo;image pour agrandir&#8230;<\/figcaption><\/figure>\n","protected":false},"excerpt":{"rendered":"<p>En voiture, \u00e0 partir de Brian\u00e7on ou de Gap R.N&nbsp;94 direction Guillestre .&nbsp;Apr\u00e8s Guillestre, \u00e0 la Maison du Roy prendre la d\u00e9partementale 60 \u00e0 droite direction Ceillac. \u00ab\u00a0Ceillac commence o\u00f9 la route s&rsquo;arr\u00eate\u00a0\u00bb. * En train , gare S.N.C.F&nbsp;de Montdauphin-Guillestre (ligne directe Paris-Brian\u00e7on).&nbsp;Trains directs de nuit.&nbsp;Liaisons r\u00e9guli\u00e8res depuis Grenoble, Valence, Marseille. &nbsp;Des navettes sont assur\u00e9es [&hellip;]<\/p>\n","protected":false},"author":1,"featured_media":0,"parent":0,"menu_order":0,"comment_status":"closed","ping_status":"closed","template":"","meta":{"footnotes":""},"class_list":["post-20","page","type-page","status-publish","hentry"],"blocksy_meta":"","yoast_head":"<!-- This site is optimized with the Yoast SEO plugin v20.12 - https:\/\/yoast.com\/wordpress\/plugins\/seo\/ -->\n<title>ACC\u00c8S - Les Ombrettes<\/title>\n<meta name=\"robots\" content=\"index, follow, max-snippet:-1, max-image-preview:large, max-video-preview:-1\" \/>\n<link rel=\"canonical\" href=\"https:\/\/lesombrettes.com\/index.php\/acces\/\" \/>\n<meta property=\"og:locale\" content=\"fr_FR\" \/>\n<meta property=\"og:type\" content=\"article\" \/>\n<meta property=\"og:title\" content=\"ACC\u00c8S - Les Ombrettes\" \/>\n<meta property=\"og:description\" content=\"En voiture, \u00e0 partir de Brian\u00e7on ou de Gap R.N&nbsp;94 direction Guillestre .&nbsp;Apr\u00e8s Guillestre, \u00e0 la Maison du Roy prendre la d\u00e9partementale 60 \u00e0 droite direction Ceillac. \u00ab\u00a0Ceillac commence o\u00f9 la route s&rsquo;arr\u00eate\u00a0\u00bb. * En train , gare S.N.C.F&nbsp;de Montdauphin-Guillestre (ligne directe Paris-Brian\u00e7on).&nbsp;Trains directs de nuit.&nbsp;Liaisons r\u00e9guli\u00e8res depuis Grenoble, Valence, Marseille. &nbsp;Des navettes sont assur\u00e9es [&hellip;]\" \/>\n<meta property=\"og:url\" content=\"https:\/\/lesombrettes.com\/index.php\/acces\/\" \/>\n<meta property=\"og:site_name\" content=\"Les Ombrettes\" \/>\n<meta property=\"article:modified_time\" content=\"2023-08-10T10:54:49+00:00\" \/>\n<meta property=\"og:image\" content=\"https:\/\/lesombrettes.com\/wp-content\/uploads\/2023\/07\/ombrettes-plan-village-1024x723.jpg\" \/>\n<meta name=\"twitter:card\" content=\"summary_large_image\" \/>\n<meta name=\"twitter:label1\" content=\"Dur\u00e9e de lecture estim\u00e9e\" \/>\n\t<meta name=\"twitter:data1\" content=\"1 minute\" \/>\n<script type=\"application\/ld+json\" class=\"yoast-schema-graph\">{\"@context\":\"https:\/\/schema.org\",\"@graph\":[{\"@type\":\"WebPage\",\"@id\":\"https:\/\/lesombrettes.com\/index.php\/acces\/\",\"url\":\"https:\/\/lesombrettes.com\/index.php\/acces\/\",\"name\":\"ACC\u00c8S - Les Ombrettes\",\"isPartOf\":{\"@id\":\"https:\/\/lesombrettes.com\/#website\"},\"datePublished\":\"2023-07-28T10:17:29+00:00\",\"dateModified\":\"2023-08-10T10:54:49+00:00\",\"breadcrumb\":{\"@id\":\"https:\/\/lesombrettes.com\/index.php\/acces\/#breadcrumb\"},\"inLanguage\":\"fr-FR\",\"potentialAction\":[{\"@type\":\"ReadAction\",\"target\":[\"https:\/\/lesombrettes.com\/index.php\/acces\/\"]}]},{\"@type\":\"BreadcrumbList\",\"@id\":\"https:\/\/lesombrettes.com\/index.php\/acces\/#breadcrumb\",\"itemListElement\":[{\"@type\":\"ListItem\",\"position\":1,\"name\":\"Accueil\",\"item\":\"https:\/\/lesombrettes.com\/\"},{\"@type\":\"ListItem\",\"position\":2,\"name\":\"ACC\u00c8S\"}]},{\"@type\":\"WebSite\",\"@id\":\"https:\/\/lesombrettes.com\/#website\",\"url\":\"https:\/\/lesombrettes.com\/\",\"name\":\"Les Ombrettes\",\"description\":\"Chalet Les Ombrettes\",\"publisher\":{\"@id\":\"https:\/\/lesombrettes.com\/#organization\"},\"potentialAction\":[{\"@type\":\"SearchAction\",\"target\":{\"@type\":\"EntryPoint\",\"urlTemplate\":\"https:\/\/lesombrettes.com\/?s={search_term_string}\"},\"query-input\":\"required name=search_term_string\"}],\"inLanguage\":\"fr-FR\"},{\"@type\":\"Organization\",\"@id\":\"https:\/\/lesombrettes.com\/#organization\",\"name\":\"Les Ombrettes\",\"url\":\"https:\/\/lesombrettes.com\/\",\"logo\":{\"@type\":\"ImageObject\",\"inLanguage\":\"fr-FR\",\"@id\":\"https:\/\/lesombrettes.com\/#\/schema\/logo\/image\/\",\"url\":\"https:\/\/lesombrettes.com\/wp-content\/uploads\/2023\/07\/marmot-logo.gif\",\"contentUrl\":\"https:\/\/lesombrettes.com\/wp-content\/uploads\/2023\/07\/marmot-logo.gif\",\"width\":198,\"height\":117,\"caption\":\"Les Ombrettes\"},\"image\":{\"@id\":\"https:\/\/lesombrettes.com\/#\/schema\/logo\/image\/\"}}]}<\/script>\n<!-- \/ Yoast SEO plugin. -->","yoast_head_json":{"title":"ACC\u00c8S - Les Ombrettes","robots":{"index":"index","follow":"follow","max-snippet":"max-snippet:-1","max-image-preview":"max-image-preview:large","max-video-preview":"max-video-preview:-1"},"canonical":"https:\/\/lesombrettes.com\/index.php\/acces\/","og_locale":"fr_FR","og_type":"article","og_title":"ACC\u00c8S - Les Ombrettes","og_description":"En voiture, \u00e0 partir de Brian\u00e7on ou de Gap R.N&nbsp;94 direction Guillestre .&nbsp;Apr\u00e8s Guillestre, \u00e0 la Maison du Roy prendre la d\u00e9partementale 60 \u00e0 droite direction Ceillac. \u00ab\u00a0Ceillac commence o\u00f9 la route s&rsquo;arr\u00eate\u00a0\u00bb. * En train , gare S.N.C.F&nbsp;de Montdauphin-Guillestre (ligne directe Paris-Brian\u00e7on).&nbsp;Trains directs de nuit.&nbsp;Liaisons r\u00e9guli\u00e8res depuis Grenoble, Valence, Marseille. &nbsp;Des navettes sont assur\u00e9es [&hellip;]","og_url":"https:\/\/lesombrettes.com\/index.php\/acces\/","og_site_name":"Les Ombrettes","article_modified_time":"2023-08-10T10:54:49+00:00","og_image":[{"url":"https:\/\/lesombrettes.com\/wp-content\/uploads\/2023\/07\/ombrettes-plan-village-1024x723.jpg"}],"twitter_card":"summary_large_image","twitter_misc":{"Dur\u00e9e de lecture estim\u00e9e":"1 minute"},"schema":{"@context":"https:\/\/schema.org","@graph":[{"@type":"WebPage","@id":"https:\/\/lesombrettes.com\/index.php\/acces\/","url":"https:\/\/lesombrettes.com\/index.php\/acces\/","name":"ACC\u00c8S - Les Ombrettes","isPartOf":{"@id":"https:\/\/lesombrettes.com\/#website"},"datePublished":"2023-07-28T10:17:29+00:00","dateModified":"2023-08-10T10:54:49+00:00","breadcrumb":{"@id":"https:\/\/lesombrettes.com\/index.php\/acces\/#breadcrumb"},"inLanguage":"fr-FR","potentialAction":[{"@type":"ReadAction","target":["https:\/\/lesombrettes.com\/index.php\/acces\/"]}]},{"@type":"BreadcrumbList","@id":"https:\/\/lesombrettes.com\/index.php\/acces\/#breadcrumb","itemListElement":[{"@type":"ListItem","position":1,"name":"Accueil","item":"https:\/\/lesombrettes.com\/"},{"@type":"ListItem","position":2,"name":"ACC\u00c8S"}]},{"@type":"WebSite","@id":"https:\/\/lesombrettes.com\/#website","url":"https:\/\/lesombrettes.com\/","name":"Les Ombrettes","description":"Chalet Les Ombrettes","publisher":{"@id":"https:\/\/lesombrettes.com\/#organization"},"potentialAction":[{"@type":"SearchAction","target":{"@type":"EntryPoint","urlTemplate":"https:\/\/lesombrettes.com\/?s={search_term_string}"},"query-input":"required name=search_term_string"}],"inLanguage":"fr-FR"},{"@type":"Organization","@id":"https:\/\/lesombrettes.com\/#organization","name":"Les Ombrettes","url":"https:\/\/lesombrettes.com\/","logo":{"@type":"ImageObject","inLanguage":"fr-FR","@id":"https:\/\/lesombrettes.com\/#\/schema\/logo\/image\/","url":"https:\/\/lesombrettes.com\/wp-content\/uploads\/2023\/07\/marmot-logo.gif","contentUrl":"https:\/\/lesombrettes.com\/wp-content\/uploads\/2023\/07\/marmot-logo.gif","width":198,"height":117,"caption":"Les Ombrettes"},"image":{"@id":"https:\/\/lesombrettes.com\/#\/schema\/logo\/image\/"}}]}},"_links":{"self":[{"href":"https:\/\/lesombrettes.com\/index.php\/wp-json\/wp\/v2\/pages\/20","targetHints":{"allow":["GET"]}}],"collection":[{"href":"https:\/\/lesombrettes.com\/index.php\/wp-json\/wp\/v2\/pages"}],"about":[{"href":"https:\/\/lesombrettes.com\/index.php\/wp-json\/wp\/v2\/types\/page"}],"author":[{"embeddable":true,"href":"https:\/\/lesombrettes.com\/index.php\/wp-json\/wp\/v2\/users\/1"}],"replies":[{"embeddable":true,"href":"https:\/\/lesombrettes.com\/index.php\/wp-json\/wp\/v2\/comments?post=20"}],"version-history":[{"count":7,"href":"https:\/\/lesombrettes.com\/index.php\/wp-json\/wp\/v2\/pages\/20\/revisions"}],"predecessor-version":[{"id":219,"href":"https:\/\/lesombrettes.com\/index.php\/wp-json\/wp\/v2\/pages\/20\/revisions\/219"}],"wp:attachment":[{"href":"https:\/\/lesombrettes.com\/index.php\/wp-json\/wp\/v2\/media?parent=20"}],"curies":[{"name":"wp","href":"https:\/\/api.w.org\/{rel}","templated":true}]}}