{"id":22,"date":"2023-07-28T12:17:59","date_gmt":"2023-07-28T10:17:59","guid":{"rendered":"https:\/\/lesombrettes.com\/?page_id=22"},"modified":"2026-03-09T15:51:47","modified_gmt":"2026-03-09T14:51:47","slug":"logements","status":"publish","type":"page","link":"https:\/\/lesombrettes.com\/index.php\/logements\/","title":{"rendered":"LOGEMENT 5 PERSONNES \u00ab\u00a0L&rsquo;ARGOUSIER\u00a0\u00bb"},"content":{"rendered":"\n<p>Appartement 5 personnes, class\u00e9 3 \u00e9toiles <em>(au 1<sup>er<\/sup> \u00e9tage ~ 58 m\u00b2)<\/em> avec connexion WIFI :<\/p>\n\n\n\n<p>1 cuisine, 1 salon, 2 chambres, 1 salle d&rsquo;eau, 1 W.C ind\u00e9pendant, 1 balcon.<\/p>\n\n\n\n<div style=\"height:22px\" aria-hidden=\"true\" class=\"wp-block-spacer\"><\/div>\n\n\n\n<h5 class=\"wp-block-heading\"><strong>PLAN<\/strong><\/h5>\n\n\n\n<figure class=\"wp-block-image size-large\"><img loading=\"lazy\" decoding=\"async\" width=\"928\" height=\"1024\" src=\"https:\/\/lesombrettes.com\/wp-content\/uploads\/2023\/08\/plan-appart-5pers-site-e1690989806449-928x1024.jpg\" alt=\"\" class=\"wp-image-64\" srcset=\"https:\/\/lesombrettes.com\/wp-content\/uploads\/2023\/08\/plan-appart-5pers-site-e1690989806449-928x1024.jpg 928w, https:\/\/lesombrettes.com\/wp-content\/uploads\/2023\/08\/plan-appart-5pers-site-e1690989806449-272x300.jpg 272w, https:\/\/lesombrettes.com\/wp-content\/uploads\/2023\/08\/plan-appart-5pers-site-e1690989806449-768x848.jpg 768w, https:\/\/lesombrettes.com\/wp-content\/uploads\/2023\/08\/plan-appart-5pers-site-e1690989806449-1392x1536.jpg 1392w, https:\/\/lesombrettes.com\/wp-content\/uploads\/2023\/08\/plan-appart-5pers-site-e1690989806449.jpg 1671w\" sizes=\"auto, (max-width: 928px) 100vw, 928px\" \/><\/figure>\n\n\n\n<div style=\"height:25px\" aria-hidden=\"true\" class=\"wp-block-spacer\"><\/div>\n\n\n\n<h5 class=\"wp-block-heading\"><strong>INVENTAIRE<\/strong><\/h5>\n\n\n\n<div class=\"wp-block-columns is-layout-flex wp-container-core-columns-is-layout-28f84493 wp-block-columns-is-layout-flex\">\n<div class=\"wp-block-column is-layout-flow wp-block-column-is-layout-flow\">\n<p><strong><mark style=\"background-color:rgba(0, 0, 0, 0)\" class=\"has-inline-color has-palette-color-2-color\">ENTR\u00c9E -SALON<\/mark>  <br><\/strong>1 porte- manteaux<br>1 grand placard 3 portes avec penderie et \u00e9tag\u00e8res<br>15 cintres, 1 planche \u00e0 repasser<br>1 fer \u00e0 repasser<br>1 rallonge \u00e9lectrique<br>1 aspirateur, 1 balaie, 1 balaie-brosse<\/p>\n\n\n\n<p>1 applique 2 spots, 1 \u00e9tag\u00e8re d\u2019angle, 1 lampe<br>1 canap\u00e9 d&rsquo;angle non convertible <br>1 table basse, 1 pani\u00e8re avec documents<br>1 lustre 3 spots<br>1 poste de t\u00e9l\u00e9vision,1 d\u00e9codeur TNT avec t\u00e9l\u00e9commande<\/p>\n<\/div>\n\n\n\n<div class=\"wp-block-column is-layout-flow wp-block-column-is-layout-flow\">\n<p><strong><mark style=\"background-color:rgba(0, 0, 0, 0)\" class=\"has-inline-color has-palette-color-2-color\">SALLE DE BAIN<\/mark><br><\/strong>1 porte- manteaux<br>1 chaise<br>1 meuble lavabo, 1 s\u00e8che-cheveux<br>1 double porte- serviettes<br>1 \u00e9tendage \u00e0 linge<br>1 poubelle, 1 bassine<br>1 sortie de douche<br>1 lave- linge<\/p>\n\n\n\n<p><strong><u>TOILETTES<\/u> :<br><\/strong>1 ensemble W-C , porte-<br>papier, 1 balayette<strong><br><\/strong><\/p>\n<\/div>\n<\/div>\n\n\n\n<div style=\"height:27px\" aria-hidden=\"true\" class=\"wp-block-spacer\"><\/div>\n\n\n\n<div class=\"wp-block-columns is-layout-flex wp-container-core-columns-is-layout-28f84493 wp-block-columns-is-layout-flex\">\n<div class=\"wp-block-column is-layout-flow wp-block-column-is-layout-flow\">\n<p><strong><mark style=\"background-color:rgba(0, 0, 0, 0)\" class=\"has-inline-color has-palette-color-2-color\">CUISINE<\/mark><\/strong><\/p>\n\n\n\n<p>1 table ovale avec bulgom et 1 nappe, 5 chaises<br>1 cuisine int\u00e9gr\u00e9e avec \u00e9l\u00e9ments hauts et bas<br>1 r\u00e9frig\u00e9rateur avec compartiment cong\u00e9lateur<br>1 plaque vitro c\u00e9ramique<br>1 four \u00e0 pyrolyse<br>1 lave- vaisselle<br>1 hotte aspirante<br>1 1 dessous de plat c\u00e9ramique<br>1 bouilloire \u00e9lectrique<br>1 cafeti\u00e8re \u00e9lectrique<\/p>\n\n\n\n<p>1 machine espresso Dolce Gusto<br>1 grille \u2013 pain \u00e9lectrique<\/p>\n\n\n\n<p><\/p>\n\n\n\n<p>1 four micro- onde, 1 plateau de service<\/p>\n\n\n\n<p>1 gant de cuisine et 1 manique<\/p>\n\n\n\n<p>1 lustre, 1 n\u00e9on au dessus de l&rsquo;\u00e9vier<br>1 cadre, 1 pendule<br>2 rideaux voilage<\/p>\n\n\n\n<p><strong><u>Vaisselle et ustensiles :<\/u><br><\/strong>10 assiettes plates<br>10 assiettes creuses<br>10 assiettes \u00e0 dessert<br>5 verres \u00e0 pied a vin<br>5 verres \u00e0 eau<br>5 verres \u00e0 sirop<br>5 verres \u00e0 bi\u00e8re<\/p>\n\n\n\n<p>5 flutes \u00e0 champagne<br>10 tasses \u00e0 caf\u00e9<br>1 th\u00e9i\u00e8re, 5 mugs<br>5 bols, 5 coquetiers<br>5 raviers, 4 saladiers<br>2 plats creux, 1 plat rond<br>2 plats inox ovales<br>1 plat \u00e0 four rectangulaire<br>1 plat \u00e0 four carr\u00e9<br>1 moule \u00e0 tarte<br>1 moule \u00e0 g\u00e2teau<br>1 moule \u00e0 cake<br>2 corbeilles \u00e0 pain, 1 corbeille \u00e0 fruits<br>1 presse \u2013 agrumes<br>1 carafe \u00e0 eau<strong><br><\/strong><\/p>\n<\/div>\n\n\n\n<div class=\"wp-block-column is-layout-flow wp-block-column-is-layout-flow\">\n<p><strong><br><\/strong><\/p>\n\n\n\n<p>1 entonnoir<br>1 faitout avec couvercle<br>1 cocotte en fonte<br>3 po\u00eales, 5 casseroles<br>1 cocotte minute<br>3 couvercles<br>2 planches \u00e0 d\u00e9couper<br>1 passoire \u00e0 l\u00e9gumes ,1 passoire fine<br>1 moulin \u00e0 l\u00e9gumes<\/p>\n\n\n\n<p>1 dessous de plat en bois,<br>1 mandoline<br>1 moulinette \u00e0 fromage<br>1 louche, 1 \u00e9cumoire<br>10 fourchettes<br>10 cuill\u00e8res \u00e0 soupe<br>10 cuill\u00e8res \u00e0 dessert<\/p>\n\n\n\n<p>10 couteaux de table<br>2 couteaux \u00e0 pain<strong><br><\/strong>1 couteau \u00e0 viande<br>1 couteaux style d\u00e9sosseur<br>1 \u00e9conome, 1 couteau \u00e0 hu\u00eetres<br>2 couteaux d\u2019office<br>1 paire de ciseaux<br>1 couvert \u00e0 salade<br>2 spatules en bois, 2 spatules souples \u00ab\u00a0maryse\u00a0\u00bb<br>2 cuill\u00e8res en bois, 1 grosse cuill\u00e8re \u00e0 service<br>2 spatules pour Tefal<br>2 fouets \u00e0 sauce,<br>1 limonadier, 1 tire-bouchon<br>1 cl\u00e9 universelle<br>2 ouvre- boites<br>1 casse -noix<br>1 passoire \u00e0 th\u00e9<br>2 cendriers<br>1 mixeur \u00e0 soupe<br>1 rouleau \u00e0 p\u00e2tisserie<br>2 verres doseur<br>1 balance de m\u00e9nage<\/p>\n\n\n\n<p>1 r\u00e2pe Julienne<br>1 essoreuse \u00e0 salade<\/p>\n<\/div>\n<\/div>\n\n\n\n<p><strong><em><mark style=\"background-color:rgba(0, 0, 0, 0)\" class=\"has-inline-color has-palette-color-2-color\">Mat\u00e9riel de nettoyage<\/mark><\/em> :<br><\/strong>1 seau, 1 bassine, 1 poubelle, 1 pelle, 2 serpilli\u00e8res, 1 \u00e9gouttoir \u00e0 vaisselle<\/p>\n\n\n\n<div style=\"height:30px\" aria-hidden=\"true\" class=\"wp-block-spacer\"><\/div>\n\n\n\n<div class=\"wp-block-columns is-layout-flex wp-container-core-columns-is-layout-28f84493 wp-block-columns-is-layout-flex\">\n<div class=\"wp-block-column is-layout-flow wp-block-column-is-layout-flow\">\n<p><strong><mark style=\"background-color:rgba(0, 0, 0, 0)\" class=\"has-inline-color has-palette-color-2-color\">CHAMBRE 1<\/mark><\/strong><br>1 lit 1,40 m + matelas<br>1 al\u00e8se,<br>1 couette avec housse 220 x240<br>2 oreillers + sous- taies<br>2 tables de chevet<br>2 lampes de chevet<br>1 meuble rangement, 1 chaise<br>10 cintres, 2 pinces jupe<br>2 cadres aquarelle<br>1 lustre<br>1 paire rideaux voilage<br>1paire de doubles rideaux<br>1 glace miroir<br>1 chiffonnier<\/p>\n<\/div>\n\n\n\n<div class=\"wp-block-column is-layout-flow wp-block-column-is-layout-flow\">\n<p><strong><mark style=\"background-color:rgba(0, 0, 0, 0)\" class=\"has-inline-color has-palette-color-2-color\">CHAMBRE 2<\/mark><br><\/strong>2 lits en superpos\u00e9s 0,90 m<br>1 lit en 0,90 m<br>3 matelas, 3 al\u00e8ses<br>3 oreillers + sous- taies<br>3 couettes avec housse 140 x 200<br>10 cintres + 2 pinces jupe<br>1 lustre, 1 chaise, 2 liseuses \u00e0&nbsp; led<br>3 cadres aquarelle<br>1 paire rideaux voilage<br>1 paire de doubles rideaux.<br>1 table de chevet<br>1 lampe de chevet<br>1 chiffonnier<\/p>\n<\/div>\n<\/div>\n\n\n\n<div style=\"height:23px\" aria-hidden=\"true\" class=\"wp-block-spacer\"><\/div>\n\n\n\n<h5 class=\"wp-block-heading\"><strong>PHOTOS<\/strong><\/h5>\n\n\n\n<figure class=\"wp-block-image size-large\"><img loading=\"lazy\" decoding=\"async\" width=\"1024\" height=\"768\" src=\"https:\/\/lesombrettes.com\/wp-content\/uploads\/2023\/08\/sejour-bis-1024x768.jpg\" alt=\"\" class=\"wp-image-77\" srcset=\"https:\/\/lesombrettes.com\/wp-content\/uploads\/2023\/08\/sejour-bis-1024x768.jpg 1024w, https:\/\/lesombrettes.com\/wp-content\/uploads\/2023\/08\/sejour-bis-300x225.jpg 300w, https:\/\/lesombrettes.com\/wp-content\/uploads\/2023\/08\/sejour-bis-768x576.jpg 768w, https:\/\/lesombrettes.com\/wp-content\/uploads\/2023\/08\/sejour-bis-1536x1152.jpg 1536w, https:\/\/lesombrettes.com\/wp-content\/uploads\/2023\/08\/sejour-bis.jpg 2000w\" sizes=\"auto, (max-width: 1024px) 100vw, 1024px\" \/><\/figure>\n\n\n\n<figure class=\"wp-block-image size-large\"><img loading=\"lazy\" decoding=\"async\" width=\"1024\" height=\"768\" src=\"https:\/\/lesombrettes.com\/wp-content\/uploads\/2023\/08\/sejour-1024x768.jpg\" alt=\"\" class=\"wp-image-78\" srcset=\"https:\/\/lesombrettes.com\/wp-content\/uploads\/2023\/08\/sejour-1024x768.jpg 1024w, https:\/\/lesombrettes.com\/wp-content\/uploads\/2023\/08\/sejour-300x225.jpg 300w, https:\/\/lesombrettes.com\/wp-content\/uploads\/2023\/08\/sejour-768x576.jpg 768w, https:\/\/lesombrettes.com\/wp-content\/uploads\/2023\/08\/sejour-1536x1152.jpg 1536w, https:\/\/lesombrettes.com\/wp-content\/uploads\/2023\/08\/sejour.jpg 2000w\" sizes=\"auto, (max-width: 1024px) 100vw, 1024px\" \/><\/figure>\n\n\n\n<figure class=\"wp-block-image size-large\"><img loading=\"lazy\" decoding=\"async\" width=\"1024\" height=\"768\" src=\"https:\/\/lesombrettes.com\/wp-content\/uploads\/2023\/08\/cuisine-1024x768.jpg\" alt=\"\" class=\"wp-image-79\" srcset=\"https:\/\/lesombrettes.com\/wp-content\/uploads\/2023\/08\/cuisine-1024x768.jpg 1024w, https:\/\/lesombrettes.com\/wp-content\/uploads\/2023\/08\/cuisine-300x225.jpg 300w, https:\/\/lesombrettes.com\/wp-content\/uploads\/2023\/08\/cuisine-768x576.jpg 768w, https:\/\/lesombrettes.com\/wp-content\/uploads\/2023\/08\/cuisine-1536x1152.jpg 1536w, https:\/\/lesombrettes.com\/wp-content\/uploads\/2023\/08\/cuisine.jpg 2000w\" sizes=\"auto, (max-width: 1024px) 100vw, 1024px\" \/><\/figure>\n\n\n\n<figure class=\"wp-block-image size-large\"><img loading=\"lazy\" decoding=\"async\" width=\"1024\" height=\"768\" src=\"https:\/\/lesombrettes.com\/wp-content\/uploads\/2023\/08\/chambre1-1024x768.jpg\" alt=\"\" class=\"wp-image-81\" srcset=\"https:\/\/lesombrettes.com\/wp-content\/uploads\/2023\/08\/chambre1-1024x768.jpg 1024w, https:\/\/lesombrettes.com\/wp-content\/uploads\/2023\/08\/chambre1-300x225.jpg 300w, https:\/\/lesombrettes.com\/wp-content\/uploads\/2023\/08\/chambre1-768x576.jpg 768w, https:\/\/lesombrettes.com\/wp-content\/uploads\/2023\/08\/chambre1-1536x1152.jpg 1536w, https:\/\/lesombrettes.com\/wp-content\/uploads\/2023\/08\/chambre1.jpg 2000w\" sizes=\"auto, (max-width: 1024px) 100vw, 1024px\" \/><\/figure>\n\n\n\n<figure class=\"wp-block-image size-large\"><img loading=\"lazy\" decoding=\"async\" width=\"1024\" height=\"461\" src=\"https:\/\/lesombrettes.com\/wp-content\/uploads\/2023\/08\/chambre-2-appartement-1024x461.jpg\" alt=\"\" class=\"wp-image-226\" srcset=\"https:\/\/lesombrettes.com\/wp-content\/uploads\/2023\/08\/chambre-2-appartement-1024x461.jpg 1024w, https:\/\/lesombrettes.com\/wp-content\/uploads\/2023\/08\/chambre-2-appartement-300x135.jpg 300w, https:\/\/lesombrettes.com\/wp-content\/uploads\/2023\/08\/chambre-2-appartement-768x345.jpg 768w, https:\/\/lesombrettes.com\/wp-content\/uploads\/2023\/08\/chambre-2-appartement-1536x691.jpg 1536w, https:\/\/lesombrettes.com\/wp-content\/uploads\/2023\/08\/chambre-2-appartement-2048x921.jpg 2048w\" sizes=\"auto, (max-width: 1024px) 100vw, 1024px\" \/><\/figure>\n\n\n\n<figure class=\"wp-block-image size-large\"><img loading=\"lazy\" decoding=\"async\" width=\"1024\" height=\"768\" src=\"https:\/\/lesombrettes.com\/wp-content\/uploads\/2023\/08\/salle-de-bain-1024x768.jpg\" alt=\"\" class=\"wp-image-82\" srcset=\"https:\/\/lesombrettes.com\/wp-content\/uploads\/2023\/08\/salle-de-bain-1024x768.jpg 1024w, https:\/\/lesombrettes.com\/wp-content\/uploads\/2023\/08\/salle-de-bain-300x225.jpg 300w, https:\/\/lesombrettes.com\/wp-content\/uploads\/2023\/08\/salle-de-bain-768x576.jpg 768w, https:\/\/lesombrettes.com\/wp-content\/uploads\/2023\/08\/salle-de-bain-1536x1152.jpg 1536w, https:\/\/lesombrettes.com\/wp-content\/uploads\/2023\/08\/salle-de-bain.jpg 2000w\" sizes=\"auto, (max-width: 1024px) 100vw, 1024px\" \/><\/figure>\n\n\n\n<figure class=\"wp-block-image size-large\"><img loading=\"lazy\" decoding=\"async\" width=\"1024\" height=\"716\" src=\"https:\/\/lesombrettes.com\/wp-content\/uploads\/2023\/08\/vue-balconjuin-1024x716.jpg\" alt=\"\" class=\"wp-image-83\" srcset=\"https:\/\/lesombrettes.com\/wp-content\/uploads\/2023\/08\/vue-balconjuin-1024x716.jpg 1024w, https:\/\/lesombrettes.com\/wp-content\/uploads\/2023\/08\/vue-balconjuin-300x210.jpg 300w, https:\/\/lesombrettes.com\/wp-content\/uploads\/2023\/08\/vue-balconjuin-768x537.jpg 768w, https:\/\/lesombrettes.com\/wp-content\/uploads\/2023\/08\/vue-balconjuin-1536x1074.jpg 1536w, https:\/\/lesombrettes.com\/wp-content\/uploads\/2023\/08\/vue-balconjuin.jpg 2000w\" sizes=\"auto, (max-width: 1024px) 100vw, 1024px\" \/><\/figure>\n\n\n\n<figure class=\"wp-block-image size-full\"><img loading=\"lazy\" decoding=\"async\" width=\"1000\" height=\"750\" src=\"https:\/\/lesombrettes.com\/wp-content\/uploads\/2023\/08\/IMG_1017.jpg\" alt=\"\" class=\"wp-image-140\" srcset=\"https:\/\/lesombrettes.com\/wp-content\/uploads\/2023\/08\/IMG_1017.jpg 1000w, https:\/\/lesombrettes.com\/wp-content\/uploads\/2023\/08\/IMG_1017-300x225.jpg 300w, https:\/\/lesombrettes.com\/wp-content\/uploads\/2023\/08\/IMG_1017-768x576.jpg 768w\" sizes=\"auto, (max-width: 1000px) 100vw, 1000px\" \/><\/figure>\n","protected":false},"excerpt":{"rendered":"<p>Appartement 5 personnes, class\u00e9 3 \u00e9toiles (au 1er \u00e9tage ~ 58 m\u00b2) avec connexion WIFI : 1 cuisine, 1 salon, 2 chambres, 1 salle d&rsquo;eau, 1 W.C ind\u00e9pendant, 1 balcon. PLAN INVENTAIRE ENTR\u00c9E -SALON 1 porte- manteaux1 grand placard 3 portes avec penderie et \u00e9tag\u00e8res15 cintres, 1 planche \u00e0 repasser1 fer \u00e0 repasser1 rallonge \u00e9lectrique1 [&hellip;]<\/p>\n","protected":false},"author":1,"featured_media":0,"parent":0,"menu_order":0,"comment_status":"closed","ping_status":"closed","template":"","meta":{"footnotes":""},"class_list":["post-22","page","type-page","status-publish","hentry"],"blocksy_meta":"","yoast_head":"<!-- This site is optimized with the Yoast SEO plugin v20.12 - https:\/\/yoast.com\/wordpress\/plugins\/seo\/ -->\n<title>LOGEMENT 5 PERSONNES &quot;L&#039;ARGOUSIER&quot; - Les Ombrettes<\/title>\n<meta name=\"robots\" content=\"index, follow, max-snippet:-1, max-image-preview:large, max-video-preview:-1\" \/>\n<link rel=\"canonical\" href=\"https:\/\/lesombrettes.com\/index.php\/logements\/\" \/>\n<meta property=\"og:locale\" content=\"fr_FR\" \/>\n<meta property=\"og:type\" content=\"article\" \/>\n<meta property=\"og:title\" content=\"LOGEMENT 5 PERSONNES &quot;L&#039;ARGOUSIER&quot; - Les Ombrettes\" \/>\n<meta property=\"og:description\" content=\"Appartement 5 personnes, class\u00e9 3 \u00e9toiles (au 1er \u00e9tage ~ 58 m\u00b2) avec connexion WIFI : 1 cuisine, 1 salon, 2 chambres, 1 salle d&rsquo;eau, 1 W.C ind\u00e9pendant, 1 balcon. PLAN INVENTAIRE ENTR\u00c9E -SALON 1 porte- manteaux1 grand placard 3 portes avec penderie et \u00e9tag\u00e8res15 cintres, 1 planche \u00e0 repasser1 fer \u00e0 repasser1 rallonge \u00e9lectrique1 [&hellip;]\" \/>\n<meta property=\"og:url\" content=\"https:\/\/lesombrettes.com\/index.php\/logements\/\" \/>\n<meta property=\"og:site_name\" content=\"Les Ombrettes\" \/>\n<meta property=\"article:modified_time\" content=\"2026-03-09T14:51:47+00:00\" \/>\n<meta property=\"og:image\" content=\"https:\/\/lesombrettes.com\/wp-content\/uploads\/2023\/08\/plan-appart-5pers-site-e1690989806449-928x1024.jpg\" \/>\n<meta name=\"twitter:card\" content=\"summary_large_image\" \/>\n<meta name=\"twitter:label1\" content=\"Dur\u00e9e de lecture estim\u00e9e\" \/>\n\t<meta name=\"twitter:data1\" content=\"5 minutes\" \/>\n<script type=\"application\/ld+json\" class=\"yoast-schema-graph\">{\"@context\":\"https:\/\/schema.org\",\"@graph\":[{\"@type\":\"WebPage\",\"@id\":\"https:\/\/lesombrettes.com\/index.php\/logements\/\",\"url\":\"https:\/\/lesombrettes.com\/index.php\/logements\/\",\"name\":\"LOGEMENT 5 PERSONNES \\\"L'ARGOUSIER\\\" - Les Ombrettes\",\"isPartOf\":{\"@id\":\"https:\/\/lesombrettes.com\/#website\"},\"datePublished\":\"2023-07-28T10:17:59+00:00\",\"dateModified\":\"2026-03-09T14:51:47+00:00\",\"breadcrumb\":{\"@id\":\"https:\/\/lesombrettes.com\/index.php\/logements\/#breadcrumb\"},\"inLanguage\":\"fr-FR\",\"potentialAction\":[{\"@type\":\"ReadAction\",\"target\":[\"https:\/\/lesombrettes.com\/index.php\/logements\/\"]}]},{\"@type\":\"BreadcrumbList\",\"@id\":\"https:\/\/lesombrettes.com\/index.php\/logements\/#breadcrumb\",\"itemListElement\":[{\"@type\":\"ListItem\",\"position\":1,\"name\":\"Accueil\",\"item\":\"https:\/\/lesombrettes.com\/\"},{\"@type\":\"ListItem\",\"position\":2,\"name\":\"LOGEMENT 5 PERSONNES \u00ab\u00a0L&rsquo;ARGOUSIER\u00a0\u00bb\"}]},{\"@type\":\"WebSite\",\"@id\":\"https:\/\/lesombrettes.com\/#website\",\"url\":\"https:\/\/lesombrettes.com\/\",\"name\":\"Les Ombrettes\",\"description\":\"Chalet Les Ombrettes\",\"publisher\":{\"@id\":\"https:\/\/lesombrettes.com\/#organization\"},\"potentialAction\":[{\"@type\":\"SearchAction\",\"target\":{\"@type\":\"EntryPoint\",\"urlTemplate\":\"https:\/\/lesombrettes.com\/?s={search_term_string}\"},\"query-input\":\"required name=search_term_string\"}],\"inLanguage\":\"fr-FR\"},{\"@type\":\"Organization\",\"@id\":\"https:\/\/lesombrettes.com\/#organization\",\"name\":\"Les Ombrettes\",\"url\":\"https:\/\/lesombrettes.com\/\",\"logo\":{\"@type\":\"ImageObject\",\"inLanguage\":\"fr-FR\",\"@id\":\"https:\/\/lesombrettes.com\/#\/schema\/logo\/image\/\",\"url\":\"https:\/\/lesombrettes.com\/wp-content\/uploads\/2023\/07\/marmot-logo.gif\",\"contentUrl\":\"https:\/\/lesombrettes.com\/wp-content\/uploads\/2023\/07\/marmot-logo.gif\",\"width\":198,\"height\":117,\"caption\":\"Les Ombrettes\"},\"image\":{\"@id\":\"https:\/\/lesombrettes.com\/#\/schema\/logo\/image\/\"}}]}<\/script>\n<!-- \/ Yoast SEO plugin. -->","yoast_head_json":{"title":"LOGEMENT 5 PERSONNES \"L'ARGOUSIER\" - Les Ombrettes","robots":{"index":"index","follow":"follow","max-snippet":"max-snippet:-1","max-image-preview":"max-image-preview:large","max-video-preview":"max-video-preview:-1"},"canonical":"https:\/\/lesombrettes.com\/index.php\/logements\/","og_locale":"fr_FR","og_type":"article","og_title":"LOGEMENT 5 PERSONNES \"L'ARGOUSIER\" - Les Ombrettes","og_description":"Appartement 5 personnes, class\u00e9 3 \u00e9toiles (au 1er \u00e9tage ~ 58 m\u00b2) avec connexion WIFI : 1 cuisine, 1 salon, 2 chambres, 1 salle d&rsquo;eau, 1 W.C ind\u00e9pendant, 1 balcon. PLAN INVENTAIRE ENTR\u00c9E -SALON 1 porte- manteaux1 grand placard 3 portes avec penderie et \u00e9tag\u00e8res15 cintres, 1 planche \u00e0 repasser1 fer \u00e0 repasser1 rallonge \u00e9lectrique1 [&hellip;]","og_url":"https:\/\/lesombrettes.com\/index.php\/logements\/","og_site_name":"Les Ombrettes","article_modified_time":"2026-03-09T14:51:47+00:00","og_image":[{"url":"https:\/\/lesombrettes.com\/wp-content\/uploads\/2023\/08\/plan-appart-5pers-site-e1690989806449-928x1024.jpg"}],"twitter_card":"summary_large_image","twitter_misc":{"Dur\u00e9e de lecture estim\u00e9e":"5 minutes"},"schema":{"@context":"https:\/\/schema.org","@graph":[{"@type":"WebPage","@id":"https:\/\/lesombrettes.com\/index.php\/logements\/","url":"https:\/\/lesombrettes.com\/index.php\/logements\/","name":"LOGEMENT 5 PERSONNES \"L'ARGOUSIER\" - Les Ombrettes","isPartOf":{"@id":"https:\/\/lesombrettes.com\/#website"},"datePublished":"2023-07-28T10:17:59+00:00","dateModified":"2026-03-09T14:51:47+00:00","breadcrumb":{"@id":"https:\/\/lesombrettes.com\/index.php\/logements\/#breadcrumb"},"inLanguage":"fr-FR","potentialAction":[{"@type":"ReadAction","target":["https:\/\/lesombrettes.com\/index.php\/logements\/"]}]},{"@type":"BreadcrumbList","@id":"https:\/\/lesombrettes.com\/index.php\/logements\/#breadcrumb","itemListElement":[{"@type":"ListItem","position":1,"name":"Accueil","item":"https:\/\/lesombrettes.com\/"},{"@type":"ListItem","position":2,"name":"LOGEMENT 5 PERSONNES \u00ab\u00a0L&rsquo;ARGOUSIER\u00a0\u00bb"}]},{"@type":"WebSite","@id":"https:\/\/lesombrettes.com\/#website","url":"https:\/\/lesombrettes.com\/","name":"Les Ombrettes","description":"Chalet Les Ombrettes","publisher":{"@id":"https:\/\/lesombrettes.com\/#organization"},"potentialAction":[{"@type":"SearchAction","target":{"@type":"EntryPoint","urlTemplate":"https:\/\/lesombrettes.com\/?s={search_term_string}"},"query-input":"required name=search_term_string"}],"inLanguage":"fr-FR"},{"@type":"Organization","@id":"https:\/\/lesombrettes.com\/#organization","name":"Les Ombrettes","url":"https:\/\/lesombrettes.com\/","logo":{"@type":"ImageObject","inLanguage":"fr-FR","@id":"https:\/\/lesombrettes.com\/#\/schema\/logo\/image\/","url":"https:\/\/lesombrettes.com\/wp-content\/uploads\/2023\/07\/marmot-logo.gif","contentUrl":"https:\/\/lesombrettes.com\/wp-content\/uploads\/2023\/07\/marmot-logo.gif","width":198,"height":117,"caption":"Les Ombrettes"},"image":{"@id":"https:\/\/lesombrettes.com\/#\/schema\/logo\/image\/"}}]}},"_links":{"self":[{"href":"https:\/\/lesombrettes.com\/index.php\/wp-json\/wp\/v2\/pages\/22","targetHints":{"allow":["GET"]}}],"collection":[{"href":"https:\/\/lesombrettes.com\/index.php\/wp-json\/wp\/v2\/pages"}],"about":[{"href":"https:\/\/lesombrettes.com\/index.php\/wp-json\/wp\/v2\/types\/page"}],"author":[{"embeddable":true,"href":"https:\/\/lesombrettes.com\/index.php\/wp-json\/wp\/v2\/users\/1"}],"replies":[{"embeddable":true,"href":"https:\/\/lesombrettes.com\/index.php\/wp-json\/wp\/v2\/comments?post=22"}],"version-history":[{"count":35,"href":"https:\/\/lesombrettes.com\/index.php\/wp-json\/wp\/v2\/pages\/22\/revisions"}],"predecessor-version":[{"id":266,"href":"https:\/\/lesombrettes.com\/index.php\/wp-json\/wp\/v2\/pages\/22\/revisions\/266"}],"wp:attachment":[{"href":"https:\/\/lesombrettes.com\/index.php\/wp-json\/wp\/v2\/media?parent=22"}],"curies":[{"name":"wp","href":"https:\/\/api.w.org\/{rel}","templated":true}]}}