{"id":26,"date":"2023-07-28T12:18:36","date_gmt":"2023-07-28T10:18:36","guid":{"rendered":"https:\/\/lesombrettes.com\/?page_id=26"},"modified":"2025-03-11T17:54:25","modified_gmt":"2025-03-11T16:54:25","slug":"divers","status":"publish","type":"page","link":"https:\/\/lesombrettes.com\/index.php\/divers\/","title":{"rendered":"ACTIVIT\u00c9S"},"content":{"rendered":"\n<h4 class=\"wp-block-heading\"><mark style=\"background-color:rgba(0, 0, 0, 0);color:#de2242\" class=\"has-inline-color\">\u00c9T\u00c9<\/mark> <mark style=\"background-color:rgba(0, 0, 0, 0);color:#de2242\" class=\"has-inline-color\">:<\/mark><\/h4>\n\n\n\n<h6 class=\"wp-block-heading\"><em><mark style=\"background-color:rgba(0, 0, 0, 0);color:#de2242\" class=\"has-inline-color\">Activit\u00e9s Haute-Montagne :   Via Ferrata  &#8211;  Via Corda  &#8211;  Escalade<\/mark><\/em><\/h6>\n\n\n\n<h6 class=\"wp-block-heading\"><mark style=\"background-color:rgba(0, 0, 0, 0);color:#de2242\" class=\"has-inline-color\">Randonn\u00e9es \u00e0 VTT<\/mark><\/h6>\n\n\n\n<h6 class=\"wp-block-heading\"><mark style=\"background-color:rgba(0, 0, 0, 0);color:#de2242\" class=\"has-inline-color\">Randonn\u00e9es p\u00e9destres<\/mark><\/h6>\n\n\n\n<h6 class=\"wp-block-heading\"><mark style=\"background-color:rgba(0, 0, 0, 0);color:#de2242\" class=\"has-inline-color\">Randonn\u00e9es avec \u00e2nes b\u00e2t\u00e9s et accompagnateurs<\/mark><\/h6>\n\n\n\n<h6 class=\"wp-block-heading\"><mark style=\"background-color:rgba(0, 0, 0, 0);color:#de2242\" class=\"has-inline-color\">Parapente<\/mark><\/h6>\n\n\n\n<h6 class=\"wp-block-heading\"><mark style=\"background-color:rgba(0, 0, 0, 0);color:#de2242\" class=\"has-inline-color\">Trottinette tout terrain<\/mark><\/h6>\n\n\n\n<h6 class=\"wp-block-heading\"><mark style=\"background-color:rgba(0, 0, 0, 0);color:#de2242\" class=\"has-inline-color\">Equitation<\/mark><\/h6>\n\n\n\n<h6 class=\"wp-block-heading\"><mark style=\"background-color:rgba(0, 0, 0, 0);color:#de2242\" class=\"has-inline-color\">Tennis<\/mark><\/h6>\n\n\n\n<h6 class=\"wp-block-heading\"><mark style=\"background-color:rgba(0, 0, 0, 0);color:#de2242\" class=\"has-inline-color\">P\u00eache<\/mark><\/h6>\n\n\n\n<h6 class=\"wp-block-heading\"><mark style=\"background-color:rgba(0, 0, 0, 0);color:#de2242\" class=\"has-inline-color\">Activit\u00e9s d&rsquo;eau vive \u00e0 St Cl\u00e9ment s\/Durance, Ch\u00e2teau&#8211;Ville-Vieille, Guillestre<\/mark><\/h6>\n\n\n\n<div style=\"height:28px\" aria-hidden=\"true\" class=\"wp-block-spacer\"><\/div>\n\n\n\n<h4 class=\"wp-block-heading\"><mark style=\"background-color:rgba(0, 0, 0, 0);color:#1523bf\" class=\"has-inline-color\">HIVER :<\/mark><\/h4>\n\n\n\n<h6 class=\"wp-block-heading\"><mark style=\"background-color:rgba(0, 0, 0, 0);color:#1523bf\" class=\"has-inline-color\">Ski Alpin<\/mark><\/h6>\n\n\n\n<h6 class=\"wp-block-heading\"><mark style=\"background-color:rgba(0, 0, 0, 0);color:#1523bf\" class=\"has-inline-color\">Ski de Fond<\/mark><\/h6>\n\n\n\n<p><strong>Biathlon<\/strong><\/p>\n\n\n\n<h6 class=\"wp-block-heading\"><mark style=\"background-color:rgba(0, 0, 0, 0);color:#1523bf\" class=\"has-inline-color\">Ski de Randonn\u00e9e avec guide<\/mark><\/h6>\n\n\n\n<h6 class=\"wp-block-heading\"><mark style=\"background-color:rgba(0, 0, 0, 0);color:#1523bf\" class=\"has-inline-color\">Escalade de la Cascade de Glace<\/mark><\/h6>\n\n\n\n<h6 class=\"wp-block-heading\"><mark style=\"background-color:rgba(0, 0, 0, 0);color:#1523bf\" class=\"has-inline-color\">Raquettes<\/mark><\/h6>\n\n\n\n<h6 class=\"wp-block-heading\"><mark style=\"background-color:rgba(0, 0, 0, 0);color:#1523bf\" class=\"has-inline-color\">Poney Luge<\/mark><\/h6>\n\n\n\n<h6 class=\"wp-block-heading\"><mark style=\"background-color:rgba(0, 0, 0, 0);color:#1523bf\" class=\"has-inline-color\">Ski Joering<\/mark><\/h6>\n\n\n\n<h6 class=\"wp-block-heading\"><mark style=\"background-color:rgba(0, 0, 0, 0);color:#1523bf\" class=\"has-inline-color\">Chiens de Tra\u00eeneaux<\/mark><\/h6>\n\n\n\n<h6 class=\"wp-block-heading\"><mark style=\"background-color:rgba(0, 0, 0, 0);color:#1523bf\" class=\"has-inline-color\">Patinoire<\/mark><\/h6>\n\n\n\n<p><\/p>\n","protected":false},"excerpt":{"rendered":"<p>\u00c9T\u00c9 : Activit\u00e9s Haute-Montagne : Via Ferrata &#8211; Via Corda &#8211; Escalade Randonn\u00e9es \u00e0 VTT Randonn\u00e9es p\u00e9destres Randonn\u00e9es avec \u00e2nes b\u00e2t\u00e9s et accompagnateurs Parapente Trottinette tout terrain Equitation Tennis P\u00eache Activit\u00e9s d&rsquo;eau vive \u00e0 St Cl\u00e9ment s\/Durance, Ch\u00e2teau&#8211;Ville-Vieille, Guillestre HIVER : Ski Alpin Ski de Fond Biathlon Ski de Randonn\u00e9e avec guide Escalade de la [&hellip;]<\/p>\n","protected":false},"author":1,"featured_media":0,"parent":0,"menu_order":0,"comment_status":"closed","ping_status":"closed","template":"","meta":{"footnotes":""},"class_list":["post-26","page","type-page","status-publish","hentry"],"blocksy_meta":"","yoast_head":"<!-- This site is optimized with the Yoast SEO plugin v20.12 - https:\/\/yoast.com\/wordpress\/plugins\/seo\/ -->\n<title>ACTIVIT\u00c9S - Les Ombrettes<\/title>\n<meta name=\"robots\" content=\"index, follow, max-snippet:-1, max-image-preview:large, max-video-preview:-1\" \/>\n<link rel=\"canonical\" href=\"https:\/\/lesombrettes.com\/index.php\/divers\/\" \/>\n<meta property=\"og:locale\" content=\"fr_FR\" \/>\n<meta property=\"og:type\" content=\"article\" \/>\n<meta property=\"og:title\" content=\"ACTIVIT\u00c9S - Les Ombrettes\" \/>\n<meta property=\"og:description\" content=\"\u00c9T\u00c9 : Activit\u00e9s Haute-Montagne : Via Ferrata &#8211; Via Corda &#8211; Escalade Randonn\u00e9es \u00e0 VTT Randonn\u00e9es p\u00e9destres Randonn\u00e9es avec \u00e2nes b\u00e2t\u00e9s et accompagnateurs Parapente Trottinette tout terrain Equitation Tennis P\u00eache Activit\u00e9s d&rsquo;eau vive \u00e0 St Cl\u00e9ment s\/Durance, Ch\u00e2teau&#8211;Ville-Vieille, Guillestre HIVER : Ski Alpin Ski de Fond Biathlon Ski de Randonn\u00e9e avec guide Escalade de la [&hellip;]\" \/>\n<meta property=\"og:url\" content=\"https:\/\/lesombrettes.com\/index.php\/divers\/\" \/>\n<meta property=\"og:site_name\" content=\"Les Ombrettes\" \/>\n<meta property=\"article:modified_time\" content=\"2025-03-11T16:54:25+00:00\" \/>\n<meta name=\"twitter:card\" content=\"summary_large_image\" \/>\n<meta name=\"twitter:label1\" content=\"Dur\u00e9e de lecture estim\u00e9e\" \/>\n\t<meta name=\"twitter:data1\" content=\"1 minute\" \/>\n<script type=\"application\/ld+json\" class=\"yoast-schema-graph\">{\"@context\":\"https:\/\/schema.org\",\"@graph\":[{\"@type\":\"WebPage\",\"@id\":\"https:\/\/lesombrettes.com\/index.php\/divers\/\",\"url\":\"https:\/\/lesombrettes.com\/index.php\/divers\/\",\"name\":\"ACTIVIT\u00c9S - Les Ombrettes\",\"isPartOf\":{\"@id\":\"https:\/\/lesombrettes.com\/#website\"},\"datePublished\":\"2023-07-28T10:18:36+00:00\",\"dateModified\":\"2025-03-11T16:54:25+00:00\",\"breadcrumb\":{\"@id\":\"https:\/\/lesombrettes.com\/index.php\/divers\/#breadcrumb\"},\"inLanguage\":\"fr-FR\",\"potentialAction\":[{\"@type\":\"ReadAction\",\"target\":[\"https:\/\/lesombrettes.com\/index.php\/divers\/\"]}]},{\"@type\":\"BreadcrumbList\",\"@id\":\"https:\/\/lesombrettes.com\/index.php\/divers\/#breadcrumb\",\"itemListElement\":[{\"@type\":\"ListItem\",\"position\":1,\"name\":\"Accueil\",\"item\":\"https:\/\/lesombrettes.com\/\"},{\"@type\":\"ListItem\",\"position\":2,\"name\":\"ACTIVIT\u00c9S\"}]},{\"@type\":\"WebSite\",\"@id\":\"https:\/\/lesombrettes.com\/#website\",\"url\":\"https:\/\/lesombrettes.com\/\",\"name\":\"Les Ombrettes\",\"description\":\"Chalet Les Ombrettes\",\"publisher\":{\"@id\":\"https:\/\/lesombrettes.com\/#organization\"},\"potentialAction\":[{\"@type\":\"SearchAction\",\"target\":{\"@type\":\"EntryPoint\",\"urlTemplate\":\"https:\/\/lesombrettes.com\/?s={search_term_string}\"},\"query-input\":\"required name=search_term_string\"}],\"inLanguage\":\"fr-FR\"},{\"@type\":\"Organization\",\"@id\":\"https:\/\/lesombrettes.com\/#organization\",\"name\":\"Les Ombrettes\",\"url\":\"https:\/\/lesombrettes.com\/\",\"logo\":{\"@type\":\"ImageObject\",\"inLanguage\":\"fr-FR\",\"@id\":\"https:\/\/lesombrettes.com\/#\/schema\/logo\/image\/\",\"url\":\"https:\/\/lesombrettes.com\/wp-content\/uploads\/2023\/07\/marmot-logo.gif\",\"contentUrl\":\"https:\/\/lesombrettes.com\/wp-content\/uploads\/2023\/07\/marmot-logo.gif\",\"width\":198,\"height\":117,\"caption\":\"Les Ombrettes\"},\"image\":{\"@id\":\"https:\/\/lesombrettes.com\/#\/schema\/logo\/image\/\"}}]}<\/script>\n<!-- \/ Yoast SEO plugin. -->","yoast_head_json":{"title":"ACTIVIT\u00c9S - Les Ombrettes","robots":{"index":"index","follow":"follow","max-snippet":"max-snippet:-1","max-image-preview":"max-image-preview:large","max-video-preview":"max-video-preview:-1"},"canonical":"https:\/\/lesombrettes.com\/index.php\/divers\/","og_locale":"fr_FR","og_type":"article","og_title":"ACTIVIT\u00c9S - Les Ombrettes","og_description":"\u00c9T\u00c9 : Activit\u00e9s Haute-Montagne : Via Ferrata &#8211; Via Corda &#8211; Escalade Randonn\u00e9es \u00e0 VTT Randonn\u00e9es p\u00e9destres Randonn\u00e9es avec \u00e2nes b\u00e2t\u00e9s et accompagnateurs Parapente Trottinette tout terrain Equitation Tennis P\u00eache Activit\u00e9s d&rsquo;eau vive \u00e0 St Cl\u00e9ment s\/Durance, Ch\u00e2teau&#8211;Ville-Vieille, Guillestre HIVER : Ski Alpin Ski de Fond Biathlon Ski de Randonn\u00e9e avec guide Escalade de la [&hellip;]","og_url":"https:\/\/lesombrettes.com\/index.php\/divers\/","og_site_name":"Les Ombrettes","article_modified_time":"2025-03-11T16:54:25+00:00","twitter_card":"summary_large_image","twitter_misc":{"Dur\u00e9e de lecture estim\u00e9e":"1 minute"},"schema":{"@context":"https:\/\/schema.org","@graph":[{"@type":"WebPage","@id":"https:\/\/lesombrettes.com\/index.php\/divers\/","url":"https:\/\/lesombrettes.com\/index.php\/divers\/","name":"ACTIVIT\u00c9S - Les Ombrettes","isPartOf":{"@id":"https:\/\/lesombrettes.com\/#website"},"datePublished":"2023-07-28T10:18:36+00:00","dateModified":"2025-03-11T16:54:25+00:00","breadcrumb":{"@id":"https:\/\/lesombrettes.com\/index.php\/divers\/#breadcrumb"},"inLanguage":"fr-FR","potentialAction":[{"@type":"ReadAction","target":["https:\/\/lesombrettes.com\/index.php\/divers\/"]}]},{"@type":"BreadcrumbList","@id":"https:\/\/lesombrettes.com\/index.php\/divers\/#breadcrumb","itemListElement":[{"@type":"ListItem","position":1,"name":"Accueil","item":"https:\/\/lesombrettes.com\/"},{"@type":"ListItem","position":2,"name":"ACTIVIT\u00c9S"}]},{"@type":"WebSite","@id":"https:\/\/lesombrettes.com\/#website","url":"https:\/\/lesombrettes.com\/","name":"Les Ombrettes","description":"Chalet Les Ombrettes","publisher":{"@id":"https:\/\/lesombrettes.com\/#organization"},"potentialAction":[{"@type":"SearchAction","target":{"@type":"EntryPoint","urlTemplate":"https:\/\/lesombrettes.com\/?s={search_term_string}"},"query-input":"required name=search_term_string"}],"inLanguage":"fr-FR"},{"@type":"Organization","@id":"https:\/\/lesombrettes.com\/#organization","name":"Les Ombrettes","url":"https:\/\/lesombrettes.com\/","logo":{"@type":"ImageObject","inLanguage":"fr-FR","@id":"https:\/\/lesombrettes.com\/#\/schema\/logo\/image\/","url":"https:\/\/lesombrettes.com\/wp-content\/uploads\/2023\/07\/marmot-logo.gif","contentUrl":"https:\/\/lesombrettes.com\/wp-content\/uploads\/2023\/07\/marmot-logo.gif","width":198,"height":117,"caption":"Les Ombrettes"},"image":{"@id":"https:\/\/lesombrettes.com\/#\/schema\/logo\/image\/"}}]}},"_links":{"self":[{"href":"https:\/\/lesombrettes.com\/index.php\/wp-json\/wp\/v2\/pages\/26","targetHints":{"allow":["GET"]}}],"collection":[{"href":"https:\/\/lesombrettes.com\/index.php\/wp-json\/wp\/v2\/pages"}],"about":[{"href":"https:\/\/lesombrettes.com\/index.php\/wp-json\/wp\/v2\/types\/page"}],"author":[{"embeddable":true,"href":"https:\/\/lesombrettes.com\/index.php\/wp-json\/wp\/v2\/users\/1"}],"replies":[{"embeddable":true,"href":"https:\/\/lesombrettes.com\/index.php\/wp-json\/wp\/v2\/comments?post=26"}],"version-history":[{"count":4,"href":"https:\/\/lesombrettes.com\/index.php\/wp-json\/wp\/v2\/pages\/26\/revisions"}],"predecessor-version":[{"id":253,"href":"https:\/\/lesombrettes.com\/index.php\/wp-json\/wp\/v2\/pages\/26\/revisions\/253"}],"wp:attachment":[{"href":"https:\/\/lesombrettes.com\/index.php\/wp-json\/wp\/v2\/media?parent=26"}],"curies":[{"name":"wp","href":"https:\/\/api.w.org\/{rel}","templated":true}]}}